{"id":743,"date":"2023-11-06T12:44:25","date_gmt":"2023-11-06T17:44:25","guid":{"rendered":"https:\/\/desetplast.com\/website\/?page_id=743"},"modified":"2024-11-14T19:36:45","modified_gmt":"2024-11-15T00:36:45","slug":"contacto","status":"publish","type":"page","link":"https:\/\/desetplast.com\/website\/contacto\/","title":{"rendered":"Contacto"},"content":{"rendered":"\n<div class=\"wp-block-columns has-background is-layout-flex wp-container-core-columns-is-layout-6d01b2b5 wp-block-columns-is-layout-flex\" style=\"background-color:#071e39;padding-top:var(--wp--preset--spacing--80);padding-bottom:var(--wp--preset--spacing--80)\">\n<div class=\"wp-block-column has-border-color has-theme-palette-7-background-color has-background has-medium-font-size is-layout-flow wp-block-column-is-layout-flow\" style=\"border-color:#071e39;border-width:35px;padding-top:0;padding-right:0;padding-bottom:0;padding-left:0\"><style>.wp-block-kadence-spacer.kt-block-spacer-743_aa49f7-a6 .kt-block-spacer{height:39px;}.wp-block-kadence-spacer.kt-block-spacer-743_aa49f7-a6 .kt-divider{border-top-width:8px;border-top-color:#c8cbd3;width:22%;border-top-style:dotted;}<\/style>\n<div class=\"wp-block-kadence-spacer aligncenter kt-block-spacer-743_aa49f7-a6 is-style-dots\"><div class=\"kt-block-spacer kt-block-spacer-halign-center\"><hr class=\"kt-divider\"\/><\/div><\/div>\n\n\n\n<div class=\"wp-block-columns is-layout-flex wp-container-core-columns-is-layout-9aecace3 wp-block-columns-is-layout-flex\" style=\"margin-top:0;margin-bottom:0;padding-right:var(--wp--preset--spacing--30);padding-left:var(--wp--preset--spacing--30)\">\n<div class=\"wp-block-column is-layout-flow wp-block-column-is-layout-flow\" style=\"padding-top:0;padding-bottom:0;flex-basis:100%\">\n<div class=\"wp-block-group is-vertical is-content-justification-center is-layout-flex wp-container-core-group-is-layout-829f9e33 wp-block-group-is-layout-flex\"><style>.kadence-column743_85c62a-32 > .kt-inside-inner-col{display:flex;}.kadence-column743_85c62a-32{max-width:1354px;margin-left:auto;margin-right:auto;}.wp-block-kadence-column.kb-section-dir-horizontal:not(.kb-section-md-dir-vertical)>.kt-inside-inner-col>.kadence-column743_85c62a-32{-webkit-flex:0 1 1354px;flex:0 1 1354px;max-width:unset;margin-left:unset;margin-right:unset;}.kadence-column743_85c62a-32 > .kt-inside-inner-col,.kadence-column743_85c62a-32 > .kt-inside-inner-col:before{border-top-left-radius:0px;border-top-right-radius:0px;border-bottom-right-radius:0px;border-bottom-left-radius:0px;}.kadence-column743_85c62a-32 > .kt-inside-inner-col{column-gap:var(--global-kb-gap-none, 0rem );}.kadence-column743_85c62a-32 > .kt-inside-inner-col{flex-direction:row;flex-wrap:wrap;align-items:center;justify-content:center;}.kadence-column743_85c62a-32 > .kt-inside-inner-col > *, .kadence-column743_85c62a-32 > .kt-inside-inner-col > figure.wp-block-image, .kadence-column743_85c62a-32 > .kt-inside-inner-col > figure.wp-block-kadence-image{margin-top:0px;margin-bottom:0px;}.kadence-column743_85c62a-32 > .kt-inside-inner-col > .kb-image-is-ratio-size{flex-grow:1;}.wp-block-kadence-column.kb-section-dir-horizontal.kadence-column743_85c62a-32 > .kt-inside-inner-col > *{flex-basis:323px;}.wp-block-kadence-column.kb-section-dir-horizontal.kadence-column743_85c62a-32 > .kt-inside-inner-col > .wp-block-kadence-infobox{width:0px;}.kadence-column743_85c62a-32 > .kt-inside-inner-col{background-color:var(--global-palette7, #EDF2F7);}.kadence-column743_85c62a-32 > .kt-inside-inner-col:before{opacity:0.3;}.kadence-column743_85c62a-32{text-align:left;}.kadence-column743_85c62a-32{position:relative;}@media all and (min-width: 1025px){.wp-block-kadence-column.kb-section-dir-horizontal>.kt-inside-inner-col>.kadence-column743_85c62a-32{-webkit-flex:0 1 1354px;flex:0 1 1354px;max-width:unset;margin-left:unset;margin-right:unset;}}@media all and (max-width: 1024px){.kadence-column743_85c62a-32 > .kt-inside-inner-col{flex-direction:row;flex-wrap:wrap;align-items:center;justify-content:center;}}@media all and (min-width: 768px) and (max-width: 1024px){.kadence-column743_85c62a-32 > .kt-inside-inner-col > *, .kadence-column743_85c62a-32 > .kt-inside-inner-col > figure.wp-block-image, .kadence-column743_85c62a-32 > .kt-inside-inner-col > figure.wp-block-kadence-image{margin-top:0px;margin-bottom:0px;}.kadence-column743_85c62a-32 > .kt-inside-inner-col > .kb-image-is-ratio-size{flex-grow:1;}}@media all and (max-width: 767px){.wp-block-kadence-column.kb-section-sm-dir-vertical:not(.kb-section-sm-dir-horizontal):not(.kb-section-sm-dir-specificity)>.kt-inside-inner-col>.kadence-column743_85c62a-32{max-width:1354px;-webkit-flex:1;flex:1;margin-left:auto;margin-right:auto;}.kadence-column743_85c62a-32 > .kt-inside-inner-col{flex-direction:row;flex-wrap:wrap;justify-content:flex-start;justify-content:center;}.kadence-column743_85c62a-32 > .kt-inside-inner-col > *, .kadence-column743_85c62a-32 > .kt-inside-inner-col > figure.wp-block-image, .kadence-column743_85c62a-32 > .kt-inside-inner-col > figure.wp-block-kadence-image{margin-top:0px;margin-bottom:0px;}.kadence-column743_85c62a-32 > .kt-inside-inner-col > .kb-image-is-ratio-size{flex-grow:1;}}<\/style>\n<div class=\"wp-block-kadence-column kadence-column743_85c62a-32 kb-section-dir-horizontal\"><div class=\"kt-inside-inner-col\">\n<div class=\"wp-block-group\"><div class=\"wp-block-group__inner-container is-layout-constrained wp-block-group-is-layout-constrained\">\n<p class=\"has-text-align-left has-large-font-size\"><strong>Sede principal<\/strong><\/p>\n<\/div><\/div>\n\n\n<style>.wp-block-kadence-iconlist.kt-svg-icon-list-items743_cd8937-6d:not(.this-stops-third-party-issues){margin-top:0px;margin-bottom:0px;}.wp-block-kadence-iconlist.kt-svg-icon-list-items743_cd8937-6d ul.kt-svg-icon-list:not(.this-prevents-issues):not(.this-stops-third-party-issues):not(.tijsloc){margin-top:0px;margin-right:0px;margin-bottom:var(--global-kb-spacing-sm, 1.5rem);margin-left:0px;}.wp-block-kadence-iconlist.kt-svg-icon-list-items743_cd8937-6d ul.kt-svg-icon-list{grid-row-gap:5px;}.wp-block-kadence-iconlist.kt-svg-icon-list-items743_cd8937-6d ul.kt-svg-icon-list .kt-svg-icon-list-item-wrap .kt-svg-icon-list-single{margin-right:10px;}.kt-svg-icon-list-items743_cd8937-6d ul.kt-svg-icon-list .kt-svg-icon-list-level-0 .kt-svg-icon-list-single svg{font-size:20px;}<\/style>\n<div class=\"wp-block-kadence-iconlist kt-svg-icon-list-items kt-svg-icon-list-items743_cd8937-6d kt-svg-icon-list-columns-1 alignnone\"><ul class=\"kt-svg-icon-list\"><style>.kt-svg-icon-list-item-743_b3a4f7-cc .kt-svg-icon-list-single{font-size:26px !important;}.kt-svg-icon-list-item-743_b3a4f7-cc .kt-svg-icon-list-text mark.kt-highlight{background-color:unset;font-style:normal;color:#f76a0c;-webkit-box-decoration-break:clone;box-decoration-break:clone;padding-top:0px;padding-right:0px;padding-bottom:0px;padding-left:0px;}<\/style>\n<li class=\"wp-block-kadence-listitem kt-svg-icon-list-item-wrap kt-svg-icon-list-item-743_b3a4f7-cc\"><span class=\"kb-svg-icon-wrap kb-svg-icon-ic_marker kt-svg-icon-list-single\"><svg viewBox=\"0 0 8 8\"  fill=\"currentColor\" xmlns=\"http:\/\/www.w3.org\/2000\/svg\"  aria-hidden=\"true\"><path d=\"M3 0c-1.66 0-3 1.34-3 3 0 2 3 5 3 5s3-3 3-5c0-1.66-1.34-3-3-3zm0 1c1.11 0 2 .9 2 2 0 1.11-.89 2-2 2-1.1 0-2-.89-2-2 0-1.1.9-2 2-2z\" transform=\"translate(1)\"\/><\/svg><\/span><span class=\"kt-svg-icon-list-text\">Calle 80 No. 22 \u2013 51<br>Bogot\u00e1, Colombia<\/span><\/li>\n\n\n<style>.kt-svg-icon-list-item-743_3cf1e3-dc .kt-svg-icon-list-single{font-size:26px !important;}.kt-svg-icon-list-item-743_3cf1e3-dc .kt-svg-icon-list-text mark.kt-highlight{background-color:unset;font-style:normal;color:#f76a0c;-webkit-box-decoration-break:clone;box-decoration-break:clone;padding-top:0px;padding-right:0px;padding-bottom:0px;padding-left:0px;}<\/style>\n<li class=\"wp-block-kadence-listitem kt-svg-icon-list-item-wrap kt-svg-icon-list-item-743_3cf1e3-dc\"><span class=\"kb-svg-icon-wrap kb-svg-icon-fas_phone kt-svg-icon-list-single\"><svg viewBox=\"0 0 512 512\"  fill=\"currentColor\" xmlns=\"http:\/\/www.w3.org\/2000\/svg\"  aria-hidden=\"true\"><path d=\"M493.4 24.6l-104-24c-11.3-2.6-22.9 3.3-27.5 13.9l-48 112c-4.2 9.8-1.4 21.3 6.9 28l60.6 49.6c-36 76.7-98.9 140.5-177.2 177.2l-49.6-60.6c-6.8-8.3-18.2-11.1-28-6.9l-112 48C3.9 366.5-2 378.1.6 389.4l24 104C27.1 504.2 36.7 512 48 512c256.1 0 464-207.5 464-464 0-11.2-7.7-20.9-18.6-23.4z\"\/><\/svg><\/span><span class=\"kt-svg-icon-list-text\">Tel: (601) 2110105<\/span><\/li>\n\n\n<style>.kt-svg-icon-list-item-743_da5a23-13 .kt-svg-icon-list-single{font-size:26px !important;}.kt-svg-icon-list-item-743_da5a23-13 .kt-svg-icon-list-text mark.kt-highlight{background-color:unset;font-style:normal;color:#f76a0c;-webkit-box-decoration-break:clone;box-decoration-break:clone;padding-top:0px;padding-right:0px;padding-bottom:0px;padding-left:0px;}<\/style>\n<li class=\"wp-block-kadence-listitem kt-svg-icon-list-item-wrap kt-svg-icon-list-item-743_da5a23-13\"><span class=\"kb-svg-icon-wrap kb-svg-icon-fa_whatsapp-square kt-svg-icon-list-single\"><svg viewBox=\"0 0 448 512\"  fill=\"currentColor\" xmlns=\"http:\/\/www.w3.org\/2000\/svg\"  aria-hidden=\"true\"><path d=\"M224 122.8c-72.7 0-131.8 59.1-131.9 131.8 0 24.9 7 49.2 20.2 70.1l3.1 5-13.3 48.6 49.9-13.1 4.8 2.9c20.2 12 43.4 18.4 67.1 18.4h.1c72.6 0 133.3-59.1 133.3-131.8 0-35.2-15.2-68.3-40.1-93.2-25-25-58-38.7-93.2-38.7zm77.5 188.4c-3.3 9.3-19.1 17.7-26.7 18.8-12.6 1.9-22.4.9-47.5-9.9-39.7-17.2-65.7-57.2-67.7-59.8-2-2.6-16.2-21.5-16.2-41s10.2-29.1 13.9-33.1c3.6-4 7.9-5 10.6-5 2.6 0 5.3 0 7.6.1 2.4.1 5.7-.9 8.9 6.8 3.3 7.9 11.2 27.4 12.2 29.4s1.7 4.3.3 6.9c-7.6 15.2-15.7 14.6-11.6 21.6 15.3 26.3 30.6 35.4 53.9 47.1 4 2 6.3 1.7 8.6-1 2.3-2.6 9.9-11.6 12.5-15.5 2.6-4 5.3-3.3 8.9-2 3.6 1.3 23.1 10.9 27.1 12.9s6.6 3 7.6 4.6c.9 1.9.9 9.9-2.4 19.1zM400 32H48C21.5 32 0 53.5 0 80v352c0 26.5 21.5 48 48 48h352c26.5 0 48-21.5 48-48V80c0-26.5-21.5-48-48-48zM223.9 413.2c-26.6 0-52.7-6.7-75.8-19.3L64 416l22.5-82.2c-13.9-24-21.2-51.3-21.2-79.3C65.4 167.1 136.5 96 223.9 96c42.4 0 82.2 16.5 112.2 46.5 29.9 30 47.9 69.8 47.9 112.2 0 87.4-72.7 158.5-160.1 158.5z\"\/><\/svg><\/span><span class=\"kt-svg-icon-list-text\">Cel: 3158277011<\/span><\/li>\n<\/ul><\/div>\n<\/div><\/div>\n<\/div>\n<\/div>\n\n\n\n<div class=\"wp-block-column is-layout-flow wp-block-column-is-layout-flow\" style=\"padding-top:0;padding-bottom:0;flex-basis:100%\">\n<div class=\"wp-block-group is-vertical is-content-justification-center is-layout-flex wp-container-core-group-is-layout-829f9e33 wp-block-group-is-layout-flex\"><style>.kadence-column743_471ead-b7 > .kt-inside-inner-col{display:flex;}.kadence-column743_471ead-b7{max-width:1354px;margin-left:auto;margin-right:auto;}.wp-block-kadence-column.kb-section-dir-horizontal:not(.kb-section-md-dir-vertical)>.kt-inside-inner-col>.kadence-column743_471ead-b7{-webkit-flex:0 1 1354px;flex:0 1 1354px;max-width:unset;margin-left:unset;margin-right:unset;}.kadence-column743_471ead-b7 > .kt-inside-inner-col,.kadence-column743_471ead-b7 > .kt-inside-inner-col:before{border-top-left-radius:0px;border-top-right-radius:0px;border-bottom-right-radius:0px;border-bottom-left-radius:0px;}.kadence-column743_471ead-b7 > .kt-inside-inner-col{column-gap:var(--global-kb-gap-none, 0rem );}.kadence-column743_471ead-b7 > .kt-inside-inner-col{flex-direction:row;flex-wrap:wrap;align-items:center;justify-content:center;}.kadence-column743_471ead-b7 > .kt-inside-inner-col > *, .kadence-column743_471ead-b7 > .kt-inside-inner-col > figure.wp-block-image, .kadence-column743_471ead-b7 > .kt-inside-inner-col > figure.wp-block-kadence-image{margin-top:0px;margin-bottom:0px;}.kadence-column743_471ead-b7 > .kt-inside-inner-col > .kb-image-is-ratio-size{flex-grow:1;}.wp-block-kadence-column.kb-section-dir-horizontal.kadence-column743_471ead-b7 > .kt-inside-inner-col > *{flex-basis:323px;}.wp-block-kadence-column.kb-section-dir-horizontal.kadence-column743_471ead-b7 > .kt-inside-inner-col > .wp-block-kadence-infobox{width:0px;}.kadence-column743_471ead-b7 > .kt-inside-inner-col{background-color:var(--global-palette7, #EDF2F7);}.kadence-column743_471ead-b7 > .kt-inside-inner-col:before{opacity:0.3;}.kadence-column743_471ead-b7{text-align:left;}.kadence-column743_471ead-b7{position:relative;}@media all and (min-width: 1025px){.wp-block-kadence-column.kb-section-dir-horizontal>.kt-inside-inner-col>.kadence-column743_471ead-b7{-webkit-flex:0 1 1354px;flex:0 1 1354px;max-width:unset;margin-left:unset;margin-right:unset;}}@media all and (max-width: 1024px){.kadence-column743_471ead-b7 > .kt-inside-inner-col{flex-direction:row;flex-wrap:wrap;align-items:center;justify-content:center;}}@media all and (min-width: 768px) and (max-width: 1024px){.kadence-column743_471ead-b7 > .kt-inside-inner-col > *, .kadence-column743_471ead-b7 > .kt-inside-inner-col > figure.wp-block-image, .kadence-column743_471ead-b7 > .kt-inside-inner-col > figure.wp-block-kadence-image{margin-top:0px;margin-bottom:0px;}.kadence-column743_471ead-b7 > .kt-inside-inner-col > .kb-image-is-ratio-size{flex-grow:1;}}@media all and (max-width: 767px){.wp-block-kadence-column.kb-section-sm-dir-vertical:not(.kb-section-sm-dir-horizontal):not(.kb-section-sm-dir-specificity)>.kt-inside-inner-col>.kadence-column743_471ead-b7{max-width:1354px;-webkit-flex:1;flex:1;margin-left:auto;margin-right:auto;}.kadence-column743_471ead-b7 > .kt-inside-inner-col{flex-direction:row;flex-wrap:wrap;justify-content:flex-start;justify-content:center;}.kadence-column743_471ead-b7 > .kt-inside-inner-col > *, .kadence-column743_471ead-b7 > .kt-inside-inner-col > figure.wp-block-image, .kadence-column743_471ead-b7 > .kt-inside-inner-col > figure.wp-block-kadence-image{margin-top:0px;margin-bottom:0px;}.kadence-column743_471ead-b7 > .kt-inside-inner-col > .kb-image-is-ratio-size{flex-grow:1;}}<\/style>\n<div class=\"wp-block-kadence-column kadence-column743_471ead-b7 kb-section-dir-horizontal\"><div class=\"kt-inside-inner-col\">\n<div class=\"wp-block-group\"><div class=\"wp-block-group__inner-container is-layout-constrained wp-block-group-is-layout-constrained\">\n<p class=\"has-text-align-left has-large-font-size\"><strong>Sucursal<\/strong><\/p>\n<\/div><\/div>\n\n\n<style>.wp-block-kadence-iconlist.kt-svg-icon-list-items743_786db6-bf:not(.this-stops-third-party-issues){margin-top:0px;margin-bottom:0px;}.wp-block-kadence-iconlist.kt-svg-icon-list-items743_786db6-bf ul.kt-svg-icon-list:not(.this-prevents-issues):not(.this-stops-third-party-issues):not(.tijsloc){margin-top:0px;margin-right:0px;margin-bottom:var(--global-kb-spacing-sm, 1.5rem);margin-left:0px;}.wp-block-kadence-iconlist.kt-svg-icon-list-items743_786db6-bf ul.kt-svg-icon-list{grid-row-gap:5px;}.wp-block-kadence-iconlist.kt-svg-icon-list-items743_786db6-bf ul.kt-svg-icon-list .kt-svg-icon-list-item-wrap .kt-svg-icon-list-single{margin-right:10px;}.kt-svg-icon-list-items743_786db6-bf ul.kt-svg-icon-list .kt-svg-icon-list-level-0 .kt-svg-icon-list-single svg{font-size:20px;}<\/style>\n<div class=\"wp-block-kadence-iconlist kt-svg-icon-list-items kt-svg-icon-list-items743_786db6-bf kt-svg-icon-list-columns-1 alignnone\"><ul class=\"kt-svg-icon-list\"><style>.kt-svg-icon-list-item-743_a52023-ea .kt-svg-icon-list-single{font-size:26px !important;}.kt-svg-icon-list-item-743_a52023-ea .kt-svg-icon-list-text mark.kt-highlight{background-color:unset;font-style:normal;color:#f76a0c;-webkit-box-decoration-break:clone;box-decoration-break:clone;padding-top:0px;padding-right:0px;padding-bottom:0px;padding-left:0px;}<\/style>\n<li class=\"wp-block-kadence-listitem kt-svg-icon-list-item-wrap kt-svg-icon-list-item-743_a52023-ea\"><span class=\"kb-svg-icon-wrap kb-svg-icon-ic_marker kt-svg-icon-list-single\"><svg viewBox=\"0 0 8 8\"  fill=\"currentColor\" xmlns=\"http:\/\/www.w3.org\/2000\/svg\"  aria-hidden=\"true\"><path d=\"M3 0c-1.66 0-3 1.34-3 3 0 2 3 5 3 5s3-3 3-5c0-1.66-1.34-3-3-3zm0 1c1.11 0 2 .9 2 2 0 1.11-.89 2-2 2-1.1 0-2-.89-2-2 0-1.1.9-2 2-2z\" transform=\"translate(1)\"\/><\/svg><\/span><span class=\"kt-svg-icon-list-text\">Kra 15 No. 82 \u2013 19 Local2<br>Bogot\u00e1, Colombia<\/span><\/li>\n\n\n<style>.kt-svg-icon-list-item-743_32ad8d-a5 .kt-svg-icon-list-single{font-size:26px !important;}.kt-svg-icon-list-item-743_32ad8d-a5 .kt-svg-icon-list-text mark.kt-highlight{background-color:unset;font-style:normal;color:#f76a0c;-webkit-box-decoration-break:clone;box-decoration-break:clone;padding-top:0px;padding-right:0px;padding-bottom:0px;padding-left:0px;}<\/style>\n<li class=\"wp-block-kadence-listitem kt-svg-icon-list-item-wrap kt-svg-icon-list-item-743_32ad8d-a5\"><span class=\"kb-svg-icon-wrap kb-svg-icon-fas_phone kt-svg-icon-list-single\"><svg viewBox=\"0 0 512 512\"  fill=\"currentColor\" xmlns=\"http:\/\/www.w3.org\/2000\/svg\"  aria-hidden=\"true\"><path d=\"M493.4 24.6l-104-24c-11.3-2.6-22.9 3.3-27.5 13.9l-48 112c-4.2 9.8-1.4 21.3 6.9 28l60.6 49.6c-36 76.7-98.9 140.5-177.2 177.2l-49.6-60.6c-6.8-8.3-18.2-11.1-28-6.9l-112 48C3.9 366.5-2 378.1.6 389.4l24 104C27.1 504.2 36.7 512 48 512c256.1 0 464-207.5 464-464 0-11.2-7.7-20.9-18.6-23.4z\"\/><\/svg><\/span><span class=\"kt-svg-icon-list-text\">Tel: (601) 2575151<\/span><\/li>\n\n\n<style>.kt-svg-icon-list-item-743_440407-1f .kt-svg-icon-list-single{font-size:26px !important;}.kt-svg-icon-list-item-743_440407-1f .kt-svg-icon-list-text mark.kt-highlight{background-color:unset;font-style:normal;color:#f76a0c;-webkit-box-decoration-break:clone;box-decoration-break:clone;padding-top:0px;padding-right:0px;padding-bottom:0px;padding-left:0px;}<\/style>\n<li class=\"wp-block-kadence-listitem kt-svg-icon-list-item-wrap kt-svg-icon-list-item-743_440407-1f\"><span class=\"kb-svg-icon-wrap kb-svg-icon-fa_whatsapp-square kt-svg-icon-list-single\"><svg viewBox=\"0 0 448 512\"  fill=\"currentColor\" xmlns=\"http:\/\/www.w3.org\/2000\/svg\"  aria-hidden=\"true\"><path d=\"M224 122.8c-72.7 0-131.8 59.1-131.9 131.8 0 24.9 7 49.2 20.2 70.1l3.1 5-13.3 48.6 49.9-13.1 4.8 2.9c20.2 12 43.4 18.4 67.1 18.4h.1c72.6 0 133.3-59.1 133.3-131.8 0-35.2-15.2-68.3-40.1-93.2-25-25-58-38.7-93.2-38.7zm77.5 188.4c-3.3 9.3-19.1 17.7-26.7 18.8-12.6 1.9-22.4.9-47.5-9.9-39.7-17.2-65.7-57.2-67.7-59.8-2-2.6-16.2-21.5-16.2-41s10.2-29.1 13.9-33.1c3.6-4 7.9-5 10.6-5 2.6 0 5.3 0 7.6.1 2.4.1 5.7-.9 8.9 6.8 3.3 7.9 11.2 27.4 12.2 29.4s1.7 4.3.3 6.9c-7.6 15.2-15.7 14.6-11.6 21.6 15.3 26.3 30.6 35.4 53.9 47.1 4 2 6.3 1.7 8.6-1 2.3-2.6 9.9-11.6 12.5-15.5 2.6-4 5.3-3.3 8.9-2 3.6 1.3 23.1 10.9 27.1 12.9s6.6 3 7.6 4.6c.9 1.9.9 9.9-2.4 19.1zM400 32H48C21.5 32 0 53.5 0 80v352c0 26.5 21.5 48 48 48h352c26.5 0 48-21.5 48-48V80c0-26.5-21.5-48-48-48zM223.9 413.2c-26.6 0-52.7-6.7-75.8-19.3L64 416l22.5-82.2c-13.9-24-21.2-51.3-21.2-79.3C65.4 167.1 136.5 96 223.9 96c42.4 0 82.2 16.5 112.2 46.5 29.9 30 47.9 69.8 47.9 112.2 0 87.4-72.7 158.5-160.1 158.5z\"\/><\/svg><\/span><span class=\"kt-svg-icon-list-text\">Cel: 3125154090<\/span><\/li>\n<\/ul><\/div>\n<\/div><\/div>\n<\/div>\n<\/div>\n<\/div>\n\n\n<style>.wp-block-kadence-spacer.kt-block-spacer-743_cc889d-19 .kt-block-spacer{height:56px;}.wp-block-kadence-spacer.kt-block-spacer-743_cc889d-19 .kt-divider{border-top-width:8px;border-top-color:#c8cbd3;width:22%;border-top-style:dotted;}<\/style>\n<div class=\"wp-block-kadence-spacer aligncenter kt-block-spacer-743_cc889d-19 is-style-dots\"><div class=\"kt-block-spacer kt-block-spacer-halign-center\"><hr class=\"kt-divider\"\/><\/div><\/div>\n\n\n\n<p class=\"has-text-align-center has-theme-palette-4-color has-text-color has-link-color wp-elements-efa9f137167e6610de811ebc3ea03229\"><strong>Correo electr\u00f3nico: <\/strong>info@desetplast.com<br><strong>Whatsapp pedidos:<\/strong> <a href=\"http:\/\/wa.me\/\/+573158277011\" data-type=\"link\" data-id=\"wa.me\/\/+573158277011\" target=\"_blank\" rel=\"noreferrer noopener\">3158277011<\/a><\/p>\n\n\n<style>.wp-block-kadence-spacer.kt-block-spacer-743_9f6e82-16 .kt-block-spacer{height:20px;}.wp-block-kadence-spacer.kt-block-spacer-743_9f6e82-16 .kt-divider{border-top-width:8px;border-top-color:#c8cbd3;width:22%;border-top-style:dotted;}<\/style>\n<div class=\"wp-block-kadence-spacer aligncenter kt-block-spacer-743_9f6e82-16 is-style-dots\"><div class=\"kt-block-spacer kt-block-spacer-halign-center\"><hr class=\"kt-divider\"\/><\/div><\/div>\n<\/div>\n\n\n\n<div class=\"wp-block-column is-layout-flow wp-block-column-is-layout-flow\"><style>.kb-google-maps-container743_ca3616-7d{max-width:851px;height:507px;margin-right:auto !important;}<\/style><div class=\"kb-google-maps-container kb-google-maps-container743_ca3616-7d  wp-block-kadence-googlemaps\" data-mapid=\"743_ca36167d\"><iframe width=\"100%\" height=\"100%\"\n\t\t\t\t\t\t\tstyle=\"border:0\" loading=\"lazy\"\n\t\t\t\t\t\t\tsrc=\"https:\/\/www.google.com\/maps\/embed\/v1\/place?key=AIzaSyBAM2o7PiQqwk15LC1XRH2e_KJ-jUa7KYk&#038;zoom=16&#038;maptype=roadmap&#038;q=desetplast\"\n\t\t\t\t\t\t\ttitle=\"Mapa de Google de desetplast\"><\/iframe><\/div><script>function kb_google_map743_ca36167d() { let center = { lat: 37.8201, lng: -122.4781}; let map = new google.maps.Map(document.getElementById(\"kb-google-map743_ca36167d\"), {\n\t\t\t\t\t    zoom: 16,\n\t\t\t\t\t    center: center,});let marker = new google.maps.Marker({   position: { lat: 37.8201, lng: -122.4781},    map: map,  });}<\/script><\/div>\n<\/div>\n\n\n\n<section id=\"wp-block-themeisle-blocks-advanced-columns-546fa8db\" class=\"wp-block-themeisle-blocks-advanced-columns alignfull has-2-columns has-desktop-oneTwo-layout has-tablet-equal-layout has-mobile-collapsedRows-layout has-vertical-center has-light-bg\"><div class=\"wp-block-themeisle-blocks-advanced-columns-overlay\"><\/div><div class=\"innerblocks-wrap\">\n<div id=\"wp-block-themeisle-blocks-advanced-column-a03592cc\" class=\"wp-block-themeisle-blocks-advanced-column has-light-bg\">\n<h2 class=\"wp-block-heading has-text-align-left has-text-color has-link-color wp-elements-ee0a9d188b7634798bd971e94f3c9883\" style=\"color:#080808\">Env\u00eda un mensaje directo<\/h2>\n\n\n\n<p class=\"has-text-align-left has-text-color has-link-color wp-elements-b6272be999c4798100842a3eaf8c798b\" style=\"color:#080808\">Escr\u00edbenos cualquier consulta, informaci\u00f3n, cotizaci\u00f3n o pedido. Uno de nuestros asesores se pondr\u00e1 en contacto.<\/p>\n<\/div>\n\n\n\n<div id=\"wp-block-themeisle-blocks-advanced-column-5b750788\" class=\"wp-block-themeisle-blocks-advanced-column has-light-bg\">\n<div id=\"wp-block-themeisle-blocks-form-fcc82e44\" class=\"wp-block-themeisle-blocks-form\" data-option-name=\"6387de03815b0f375a1cbd48d8751effb93889eb_fcc82e44\"><form class=\"otter-form__container\">\n<div id=\"wp-block-themeisle-blocks-form-input-06ca67eb\" class=\"wp-block-themeisle-blocks-form-input ticss-06ca67eb\"><label for=\"wp-block-themeisle-blocks-form-input-06ca67eb-input\" class=\"otter-form-input-label\"><span class=\"otter-form-input-label__label\">Nombre<\/span><span class=\"required\">*<\/span><\/label><input type=\"text\" id=\"wp-block-themeisle-blocks-form-input-06ca67eb-input\" required class=\"otter-form-input\"\/><\/div>\n\n\n\n<div id=\"wp-block-themeisle-blocks-form-input-87be824d\" class=\"wp-block-themeisle-blocks-form-input\"><label for=\"wp-block-themeisle-blocks-form-input-87be824d-input\" class=\"otter-form-input-label\"><span class=\"otter-form-input-label__label\">Correo electr\u00f3nico<\/span><span class=\"required\">*<\/span><\/label><input type=\"email\" id=\"wp-block-themeisle-blocks-form-input-87be824d-input\" required class=\"otter-form-input\"\/><\/div>\n\n\n\n<div id=\"wp-block-themeisle-blocks-form-input-9e5c25c4\" class=\"wp-block-themeisle-blocks-form-input\"><label for=\"wp-block-themeisle-blocks-form-input-9e5c25c4-input\" class=\"otter-form-input-label\"><span class=\"otter-form-input-label__label\">Tel\u00e9fono:<\/span><span class=\"required\">*<\/span><\/label><input type=\"number\" id=\"wp-block-themeisle-blocks-form-input-9e5c25c4-input\" required class=\"otter-form-input\"\/><\/div>\n\n\n\n<div id=\"wp-block-themeisle-blocks-form-textarea-919679a3\" class=\"wp-block-themeisle-blocks-form-textarea\"><label for=\"wp-block-themeisle-blocks-form-textarea-919679a3-input\" class=\"otter-form-textarea-label\"><span class=\"otter-form-textarea-label__label\">Mensaje<\/span><\/label><textarea id=\"wp-block-themeisle-blocks-form-textarea-919679a3-input\" rows=\"10\" class=\"otter-form-textarea-input\"><\/textarea><\/div>\n\n\n<div class=\"protection\" aria-hidden=\"true\"><input type=\"hidden\" id=\"wp-block-themeisle-blocks-form-fcc82e44_nonce_field\" name=\"wp-block-themeisle-blocks-form-fcc82e44_nonce_field\" value=\"44367b6159\" \/><input type=\"hidden\" name=\"_wp_http_referer\" value=\"\/website\/wp-json\/wp\/v2\/pages\/743\" \/><input class=\"o-anti-bot\" type=\"checkbox\"><\/div><div class=\"wp-block-button\"><button class=\"wp-block-button__link\" type=\"submit\">Send Message<\/button><\/div><\/form><\/div>\n<\/div>\n<\/div><\/section>\n\n\n<style>.kadence-column743_c5cd7b-5a > .kt-inside-inner-col,.kadence-column743_c5cd7b-5a > .kt-inside-inner-col:before{border-top-left-radius:0px;border-top-right-radius:0px;border-bottom-right-radius:0px;border-bottom-left-radius:0px;}.kadence-column743_c5cd7b-5a > .kt-inside-inner-col{column-gap:var(--global-kb-gap-sm, 1rem);}.kadence-column743_c5cd7b-5a > .kt-inside-inner-col{flex-direction:column;}.kadence-column743_c5cd7b-5a > .kt-inside-inner-col > .aligncenter{width:100%;}.kadence-column743_c5cd7b-5a > .kt-inside-inner-col:before{opacity:0.3;}.kadence-column743_c5cd7b-5a{position:relative;}@media all and (max-width: 1024px){.kadence-column743_c5cd7b-5a > .kt-inside-inner-col{flex-direction:column;justify-content:center;}}@media all and (max-width: 767px){.kadence-column743_c5cd7b-5a > .kt-inside-inner-col{flex-direction:column;justify-content:center;}}<\/style>\n<div class=\"wp-block-kadence-column kadence-column743_c5cd7b-5a kb-section-dir-vertical\"><div class=\"kt-inside-inner-col\"><\/div><\/div>\n\n\n\n<p><\/p>\n","protected":false},"excerpt":{"rendered":"<p>Sede principal Sucursal Correo electr\u00f3nico: info@desetplast.comWhatsapp pedidos: 3158277011<\/p>\n","protected":false},"author":2,"featured_media":0,"parent":0,"menu_order":0,"comment_status":"closed","ping_status":"closed","template":"","meta":{"_themeisle_gutenberg_block_has_review":false,"_kad_post_transparent":"","_kad_post_title":"","_kad_post_layout":"","_kad_post_sidebar_id":"","_kad_post_content_style":"","_kad_post_vertical_padding":"","_kad_post_feature":"","_kad_post_feature_position":"","_kad_post_header":false,"_kad_post_footer":false,"_kad_post_classname":"","_joinchat":[],"footnotes":""},"class_list":["post-743","page","type-page","status-publish","hentry"],"_links":{"self":[{"href":"https:\/\/desetplast.com\/website\/wp-json\/wp\/v2\/pages\/743","targetHints":{"allow":["GET"]}}],"collection":[{"href":"https:\/\/desetplast.com\/website\/wp-json\/wp\/v2\/pages"}],"about":[{"href":"https:\/\/desetplast.com\/website\/wp-json\/wp\/v2\/types\/page"}],"author":[{"embeddable":true,"href":"https:\/\/desetplast.com\/website\/wp-json\/wp\/v2\/users\/2"}],"replies":[{"embeddable":true,"href":"https:\/\/desetplast.com\/website\/wp-json\/wp\/v2\/comments?post=743"}],"version-history":[{"count":85,"href":"https:\/\/desetplast.com\/website\/wp-json\/wp\/v2\/pages\/743\/revisions"}],"predecessor-version":[{"id":1562,"href":"https:\/\/desetplast.com\/website\/wp-json\/wp\/v2\/pages\/743\/revisions\/1562"}],"wp:attachment":[{"href":"https:\/\/desetplast.com\/website\/wp-json\/wp\/v2\/media?parent=743"}],"curies":[{"name":"wp","href":"https:\/\/api.w.org\/{rel}","templated":true}]}}